{"id":979,"date":"2025-02-14T10:05:30","date_gmt":"2025-02-14T10:05:30","guid":{"rendered":"https:\/\/zur-post.de\/contact\/"},"modified":"2025-02-21T11:45:55","modified_gmt":"2025-02-21T11:45:55","slug":"impressum","status":"publish","type":"page","link":"https:\/\/zur-post.de\/en\/impressum\/","title":{"rendered":"Imprint"},"content":{"rendered":"<section id=\"sp-mi7xva\" data-mobile-visibility=\"#sp-mi7xva|false\" data-tablet-visibility=\"#sp-mi7xva|false\" data-desktop-visibility=\"#sp-mi7xva|false\" data-mobile-css=\"\" data-tablet-css=\"\" class=\"sp-el-section\" style=\"width: 100%; max-width: 100%; padding: 0px;\">\n<div id=\"sp-lp6ak0\" data-mobile-visibility=\"#sp-lp6ak0|false\" data-tablet-visibility=\"#sp-lp6ak0|false\" data-desktop-visibility=\"#sp-lp6ak0|false\" data-mobile-css=\"\" data-tablet-css=\"\" class=\"sp-el-row sp-w-full  sp-m-auto sm:sp-flex sp-justify-between\" style=\"width: 100%; max-width: 100%;\">\n<div id=\"sp-rjqmzi\" data-mobile-visibility=\"#sp-rjqmzi|false\" data-tablet-visibility=\"#sp-rjqmzi|false\" data-desktop-visibility=\"#sp-rjqmzi|false\" data-mobile-css=\"\" data-tablet-css=\"\" class=\"sp-el-col  sp-w-full\" style=\"width: calc(100% + 0px); padding: 0px;\">\n<div id=\"sp-cb6qkf\" data-mobile-css=\".sp-text-wrapper-cb6qkf, #sp-cb6qkf, #cb6qkf|text-align:left;\" data-tablet-css=\".sp-text-wrapper-cb6qkf, #sp-cb6qkf, #cb6qkf|text-align:left;\" data-mobile-visibility=\".sp-text-wrapper-cb6qkf|false\" data-tablet-visibility=\".sp-text-wrapper-cb6qkf|false\" data-desktop-visibility=\".sp-text-wrapper-cb6qkf|false\" class=\"sp-css-target sp-text-wrapper sp-el-block sp-text-block-style sp-text-wrapper-cb6qkf\" style=\"font-size: 20px; color: rgb(140, 129, 89); margin: 0px; text-align: left;\">\n<p style=\"text-align: center;\">Imprint<\/p>\n<\/div>\n<p><span href=\"\" target=\"\" rel=\"\" class=\"sp-header-block-link\" style=\"text-decoration: none;\"><\/p>\n<h2 id=\"sp-bgs2la\" data-mobile-css=\".sp-headline-block-bgs2la, #sp-bgs2la, #bgs2la|text-align:center;\" data-tablet-css=\".sp-headline-block-bgs2la, #sp-bgs2la, #bgs2la|text-align:center;\" data-mobile-visibility=\".sp-headline-block-bgs2la|false\" data-tablet-visibility=\".sp-headline-block-bgs2la|false\" data-desktop-visibility=\".sp-headline-block-bgs2la|false\" class=\"sp-css-target sp-el-block sp-headline-block-bgs2la sp-type-header\" style=\"font-size: 30px; text-align: center; margin: 0px;\">LEGAL INFORMATION<\/h2>\n<p><\/span><\/p>\n<div id=\"sp-uh92gt\" data-mobile-visibility=\".sp-divider-block-uh92gt|false\" data-tablet-visibility=\".sp-divider-block-uh92gt|false\" data-desktop-visibility=\".sp-divider-block-uh92gt|false\" data-mobile-css=\"#sp-uh92gt .sp-divider-text-block .sp-divider-text, #sp-uh92gt|justify-content:center;padding:10px 0px 10px 0px ;\" data-tablet-css=\"#sp-uh92gt .sp-divider-text-block .sp-divider-text, #sp-uh92gt|justify-content:center;padding:10px 0px 10px 0px ;\" class=\"sp-divider-wrapper sp-flex sp-el-block sp-divider-block-uh92gt\" style=\"margin: 0px; justify-content: center; padding: 10px 0px;\">\n<style type=\"text\/css\">     #sp-uh92gt .sp-divider-separator::after , #sp-uh92gt .sp-divider-separator::before  {content:\"\"}     #sp-uh92gt .sp-divider .sp-divider-separator::after , #sp-uh92gt .sp-divider .sp-divider-separator::before {display:block;border-top:1px solid #8C8159}     #sp-uh92gt .sp-divider .sp-divider-text-block .sp-divider-text      {color:#8C8159}     #sp-uh92gt .sp-divider .sp-divider-text-block.sp-divider-icon-block      {color:#8C8159}   <\/style>\n<div class=\"sp-divider sp-flex\" style=\"width: 80%; border-top-width: 1px; border-top-style: solid; border-top-color: rgb(140, 129, 89);\"><\/div>\n<\/div>\n<div id=\"sp-lfa9qp\" data-mobile-css=\".sp-text-wrapper-lfa9qp, #sp-lfa9qp, #lfa9qp|text-align:left;\" data-tablet-css=\".sp-text-wrapper-lfa9qp, #sp-lfa9qp, #lfa9qp|text-align:left;\" data-mobile-visibility=\".sp-text-wrapper-lfa9qp|false\" data-tablet-visibility=\".sp-text-wrapper-lfa9qp|false\" data-desktop-visibility=\".sp-text-wrapper-lfa9qp|false\" class=\"sp-css-target sp-text-wrapper sp-el-block sp-text-block-style sp-text-wrapper-lfa9qp\" style=\"padding: 0px 150px 30px; margin: 0px; text-align: left;\">\n<p style=\"text-align: center;\"><strong><br \/>Liability for Content<\/strong><\/p>\n<p style=\"text-align: center;\">The contents of these pages have been created with the greatest care. However, we assume no liability for the accuracy, completeness and topicality of the contents.<\/p>\n<div class=\"wp-block-spacer\" style=\"text-align: center;\" aria-hidden=\"true\">&nbsp;<\/div>\n<p style=\"text-align: center;\"><strong>Liability for Links<\/strong><\/p>\n<p style=\"text-align: center;\">This website contains links to external third-party websites over whose content we have no influence. We therefore cannot accept any liability for this external content. The respective provider or operator of the pages is always responsible for the content of the linked pages. The linked pages were checked for possible legal violations at the time of linking. Illegal content was not recognizable at the time of linking. However, permanent monitoring of the content of the linked pages is not reasonable without concrete evidence of a legal violation. If we become aware of any legal violations, we will remove such links immediately.<\/p>\n<div class=\"wp-block-spacer\" style=\"text-align: center;\" aria-hidden=\"true\">&nbsp;<\/div>\n<p style=\"text-align: center;\"><strong>copyright<\/strong><\/p>\n<p style=\"text-align: center;\">The content and works on these pages created by the webmaster are subject to German copyright law. Contributions from third parties are marked as such. Duplication, processing, distribution and any type of exploitation outside the limits of copyright law require the written consent of the respective author. Downloads and copies of this page are only permitted for private, non-commercial use. The webmaster of the pages endeavors to always respect the copyrights of others and to use self-created and license-free works.<\/p>\n<p style=\"text-align: center;\">&nbsp;<\/p>\n<p style=\"text-align: center;\"><strong>web design<\/strong><\/p>\n<\/div>\n<figure id=\"sp-p28clx\" data-mobile-css=\"#sp-p28clx|text-align:center;\" data-tablet-css=\"#sp-p28clx|text-align:center;\" class=\"sp-image-wrapper sp-el-block\" style=\"margin: 0px; text-align: center;\">\n<div><span><img loading=\"lazy\" decoding=\"async\" src=\"https:\/\/zur-post.de\/wp-content\/uploads\/Logo-Winterfeld-Design.png\" alt=\"\" width=\"723\" height=\"537\" data-dynamic-tag=\"\" data-image-src=\"wpmedia\" data-mobile-visibility=\".sp-image-block-p28clx|false\" data-tablet-visibility=\".sp-image-block-p28clx|false\" data-desktop-visibility=\".sp-image-block-p28clx|false\" srcset=\" https:\/\/zur-post.de\/wp-content\/uploads\/Logo-Winterfeld-Design-150x150.png 150w, https:\/\/zur-post.de\/wp-content\/uploads\/Logo-Winterfeld-Design-300x223.png 300w, https:\/\/zur-post.de\/wp-content\/uploads\/Logo-Winterfeld-Design-16x12.png 16w, https:\/\/zur-post.de\/wp-content\/uploads\/Logo-Winterfeld-Design.png 723w\" class=\"sp-image-block-p28clx custom-preview-class\" style=\"width: 161px;\"><\/span><\/div>\n<div id=\"sp-image-dynamic-tags-js-p28clx\"><script>jQuery(function() { image_dynamic_tags('p28clx' );});<\/script><\/div>\n<\/figure>\n<div id=\"sp-hpzray\" data-mobile-css=\"#sp-hpzray|height:60px;\" data-tablet-css=\"#sp-hpzray|height:60px;\" class=\"sp-spacer\" style=\"height: 60px;\"><\/div>\n<div id=\"s2zfb2\" data-mobile-css=\".sp-text-wrapper-s2zfb2, #sp-s2zfb2, #s2zfb2|text-align:left;\" data-tablet-css=\".sp-text-wrapper-s2zfb2, #sp-s2zfb2, #s2zfb2|text-align:left;\" data-mobile-visibility=\".sp-text-wrapper-s2zfb2|false\" data-tablet-visibility=\".sp-text-wrapper-s2zfb2|false\" data-desktop-visibility=\".sp-text-wrapper-s2zfb2|false\" class=\"sp-css-target sp-text-wrapper sp-el-block sp-text-block-style sp-text-wrapper-s2zfb2 mce-content-body html4-captions\"   style=\"margin: 0px; text-align: left; position: relative;\">\n<p style=\"text-align: center;\" data-mce-style=\"text-align: center;\"><strong>Information according to \u00a75 TMG<\/strong><\/p>\n<p class=\"ticss-288123c0\" style=\"text-align: center;\" data-mce-style=\"text-align: center;\"><strong>Hotel zur Post GmbH &amp; Co. KG<\/strong><br \/>Dorfstra\u00dfe 63<br \/>30966 Hemmingen<br \/>HRA 205913 \u00b7 AG Hannover<br \/>VAT ID No.: DE 355 882 548<\/p>\n<p class=\"ticss-288123c0\" style=\"text-align: center;\" data-mce-style=\"text-align: center;\">Phone: +49 511 423561<br \/>Email: reservierung@zur-post.de<\/p>\n<p class=\"ticss-288123c0\" style=\"text-align: center;\" data-mce-style=\"text-align: center;\">Personally liable partnership:<br \/>Winterfeld Verwaltungs GmbH<br \/>Company headquarters: Hemmingen<br \/>HRB 224045 \u00b7 AG Hannover<br \/>Managing Director: Felix Winterfeld<\/p>\n<\/div>\n<\/div>\n<\/div>\n<\/section>\n<section id=\"sp-bb326r\" data-mobile-visibility=\"#sp-bb326r|false\" data-tablet-visibility=\"#sp-bb326r|false\" data-desktop-visibility=\"#sp-bb326r|false\" data-mobile-css=\"\" data-tablet-css=\"\" class=\"sp-el-section\" style=\"width: 100%; max-width: 100%;\">\n<div id=\"sp-eu4zbs\" data-mobile-visibility=\"#sp-eu4zbs|false\" data-tablet-visibility=\"#sp-eu4zbs|false\" data-desktop-visibility=\"#sp-eu4zbs|false\" data-mobile-css=\"\" data-tablet-css=\"\" class=\"sp-el-row sp-w-full  sp-m-auto sm:sp-flex sp-justify-between\">\n<div id=\"sp-xbm7kh\" data-mobile-visibility=\"#sp-xbm7kh|false\" data-tablet-visibility=\"#sp-xbm7kh|false\" data-desktop-visibility=\"#sp-xbm7kh|false\" data-mobile-css=\"\" data-tablet-css=\"\" class=\"sp-el-col  sp-w-full\" style=\"width: calc(100% + 0px);\">\n<div id=\"sp-jkgzhy\" data-mobile-css=\"#sp-jkgzhy|height:40px;\" data-tablet-css=\"#sp-jkgzhy|height:10px;\" class=\"sp-spacer\" style=\"height: 60px;\"><\/div>\n<\/div>\n<\/div>\n<\/section>","protected":false},"excerpt":{"rendered":"<p>Impressum RECHTLICHE ANGABEN Haftung f\u00fcr Inhalte Die Inhalte dieser Seiten wurden mit gr\u00f6\u00dfter Sorgfalt erstellt. F\u00fcr die Richtigkeit, Vollst\u00e4ndigkeit und Aktualit\u00e4t der Inhalte \u00fcbernehmen wir jedoch keine Gew\u00e4hr. &nbsp; Haftung f\u00fcr Links Diese Website enth\u00e4lt Links zu externen Webseiten Dritter, auf deren Inhalte wir keinen Einfluss haben. Deshalb k\u00f6nnen wir f\u00fcr diese fremden Inhalte auch [&hellip;]<\/p>\n","protected":false},"author":1,"featured_media":0,"parent":0,"menu_order":0,"comment_status":"closed","ping_status":"closed","template":"","meta":{"footnotes":""},"class_list":["post-979","page","type-page","status-publish","hentry"],"yoast_head":"<!-- This site is optimized with the Yoast SEO plugin v27.5 - https:\/\/yoast.com\/product\/yoast-seo-wordpress\/ -->\n<title>Impressum - Hotel zur Post<\/title>\n<meta name=\"description\" content=\"Hier finden Sie die rechtlichen Angaben zu unserem Unternehmen und unserer Website.\" \/>\n<meta name=\"robots\" content=\"index, follow, max-snippet:-1, max-image-preview:large, max-video-preview:-1\" \/>\n<link rel=\"canonical\" href=\"https:\/\/zur-post.de\/en\/impressum\/\" \/>\n<meta property=\"og:locale\" content=\"en_GB\" \/>\n<meta property=\"og:type\" content=\"article\" \/>\n<meta property=\"og:title\" content=\"Impressum - Hotel zur Post\" \/>\n<meta property=\"og:description\" content=\"Hier finden Sie die rechtlichen Angaben zu unserem Unternehmen und unserer Website.\" \/>\n<meta property=\"og:url\" content=\"https:\/\/zur-post.de\/en\/impressum\/\" \/>\n<meta property=\"og:site_name\" content=\"Hotel zur Post\" \/>\n<meta property=\"article:modified_time\" content=\"2025-02-21T11:45:55+00:00\" \/>\n<meta property=\"og:image\" content=\"https:\/\/zur-post.de\/wp-content\/uploads\/Logo-Winterfeld-Design.png\" \/>\n<meta name=\"twitter:card\" content=\"summary_large_image\" \/>\n<meta name=\"twitter:label1\" content=\"Estimated reading time\" \/>\n\t<meta name=\"twitter:data1\" content=\"2 minutes\" \/>\n<script type=\"application\/ld+json\" class=\"yoast-schema-graph\">{\"@context\":\"https:\\\/\\\/schema.org\",\"@graph\":[{\"@type\":\"WebPage\",\"@id\":\"https:\\\/\\\/zur-post.de\\\/impressum\\\/\",\"url\":\"https:\\\/\\\/zur-post.de\\\/impressum\\\/\",\"name\":\"Impressum - Hotel zur Post\",\"isPartOf\":{\"@id\":\"https:\\\/\\\/zur-post.de\\\/#website\"},\"primaryImageOfPage\":{\"@id\":\"https:\\\/\\\/zur-post.de\\\/impressum\\\/#primaryimage\"},\"image\":{\"@id\":\"https:\\\/\\\/zur-post.de\\\/impressum\\\/#primaryimage\"},\"thumbnailUrl\":\"https:\\\/\\\/zur-post.de\\\/wp-content\\\/uploads\\\/Logo-Winterfeld-Design.png\",\"datePublished\":\"2025-02-14T10:05:30+00:00\",\"dateModified\":\"2025-02-21T11:45:55+00:00\",\"description\":\"Hier finden Sie die rechtlichen Angaben zu unserem Unternehmen und unserer Website.\",\"breadcrumb\":{\"@id\":\"https:\\\/\\\/zur-post.de\\\/impressum\\\/#breadcrumb\"},\"inLanguage\":\"en-GB\",\"potentialAction\":[{\"@type\":\"ReadAction\",\"target\":[\"https:\\\/\\\/zur-post.de\\\/impressum\\\/\"]}]},{\"@type\":\"ImageObject\",\"inLanguage\":\"en-GB\",\"@id\":\"https:\\\/\\\/zur-post.de\\\/impressum\\\/#primaryimage\",\"url\":\"https:\\\/\\\/zur-post.de\\\/wp-content\\\/uploads\\\/Logo-Winterfeld-Design.png\",\"contentUrl\":\"https:\\\/\\\/zur-post.de\\\/wp-content\\\/uploads\\\/Logo-Winterfeld-Design.png\"},{\"@type\":\"BreadcrumbList\",\"@id\":\"https:\\\/\\\/zur-post.de\\\/impressum\\\/#breadcrumb\",\"itemListElement\":[{\"@type\":\"ListItem\",\"position\":1,\"name\":\"Startseite\",\"item\":\"https:\\\/\\\/zur-post.de\\\/\"},{\"@type\":\"ListItem\",\"position\":2,\"name\":\"Impressum\"}]},{\"@type\":\"WebSite\",\"@id\":\"https:\\\/\\\/zur-post.de\\\/#website\",\"url\":\"https:\\\/\\\/zur-post.de\\\/\",\"name\":\"Hotel zur Post\",\"description\":\"in Hemmingen bei Hannover\",\"publisher\":{\"@id\":\"https:\\\/\\\/zur-post.de\\\/#organization\"},\"potentialAction\":[{\"@type\":\"SearchAction\",\"target\":{\"@type\":\"EntryPoint\",\"urlTemplate\":\"https:\\\/\\\/zur-post.de\\\/?s={search_term_string}\"},\"query-input\":{\"@type\":\"PropertyValueSpecification\",\"valueRequired\":true,\"valueName\":\"search_term_string\"}}],\"inLanguage\":\"en-GB\"},{\"@type\":\"Organization\",\"@id\":\"https:\\\/\\\/zur-post.de\\\/#organization\",\"name\":\"Hotel zur Post\",\"url\":\"https:\\\/\\\/zur-post.de\\\/\",\"logo\":{\"@type\":\"ImageObject\",\"inLanguage\":\"en-GB\",\"@id\":\"https:\\\/\\\/zur-post.de\\\/#\\\/schema\\\/logo\\\/image\\\/\",\"url\":\"https:\\\/\\\/zur-post.de\\\/wp-content\\\/uploads\\\/2021\\\/09\\\/Logo-ohne-GmbH.png\",\"contentUrl\":\"https:\\\/\\\/zur-post.de\\\/wp-content\\\/uploads\\\/2021\\\/09\\\/Logo-ohne-GmbH.png\",\"width\":417,\"height\":177,\"caption\":\"Hotel zur Post\"},\"image\":{\"@id\":\"https:\\\/\\\/zur-post.de\\\/#\\\/schema\\\/logo\\\/image\\\/\"}}]}<\/script>\n<!-- \/ Yoast SEO plugin. -->","yoast_head_json":{"title":"Impressum - Hotel zur Post","description":"Hier finden Sie die rechtlichen Angaben zu unserem Unternehmen und unserer Website.","robots":{"index":"index","follow":"follow","max-snippet":"max-snippet:-1","max-image-preview":"max-image-preview:large","max-video-preview":"max-video-preview:-1"},"canonical":"https:\/\/zur-post.de\/en\/impressum\/","og_locale":"en_GB","og_type":"article","og_title":"Impressum - Hotel zur Post","og_description":"Hier finden Sie die rechtlichen Angaben zu unserem Unternehmen und unserer Website.","og_url":"https:\/\/zur-post.de\/en\/impressum\/","og_site_name":"Hotel zur Post","article_modified_time":"2025-02-21T11:45:55+00:00","og_image":[{"url":"https:\/\/zur-post.de\/wp-content\/uploads\/Logo-Winterfeld-Design.png","type":"","width":"","height":""}],"twitter_card":"summary_large_image","twitter_misc":{"Estimated reading time":"2 minutes"},"schema":{"@context":"https:\/\/schema.org","@graph":[{"@type":"WebPage","@id":"https:\/\/zur-post.de\/impressum\/","url":"https:\/\/zur-post.de\/impressum\/","name":"Impressum - Hotel zur Post","isPartOf":{"@id":"https:\/\/zur-post.de\/#website"},"primaryImageOfPage":{"@id":"https:\/\/zur-post.de\/impressum\/#primaryimage"},"image":{"@id":"https:\/\/zur-post.de\/impressum\/#primaryimage"},"thumbnailUrl":"https:\/\/zur-post.de\/wp-content\/uploads\/Logo-Winterfeld-Design.png","datePublished":"2025-02-14T10:05:30+00:00","dateModified":"2025-02-21T11:45:55+00:00","description":"Hier finden Sie die rechtlichen Angaben zu unserem Unternehmen und unserer Website.","breadcrumb":{"@id":"https:\/\/zur-post.de\/impressum\/#breadcrumb"},"inLanguage":"en-GB","potentialAction":[{"@type":"ReadAction","target":["https:\/\/zur-post.de\/impressum\/"]}]},{"@type":"ImageObject","inLanguage":"en-GB","@id":"https:\/\/zur-post.de\/impressum\/#primaryimage","url":"https:\/\/zur-post.de\/wp-content\/uploads\/Logo-Winterfeld-Design.png","contentUrl":"https:\/\/zur-post.de\/wp-content\/uploads\/Logo-Winterfeld-Design.png"},{"@type":"BreadcrumbList","@id":"https:\/\/zur-post.de\/impressum\/#breadcrumb","itemListElement":[{"@type":"ListItem","position":1,"name":"Startseite","item":"https:\/\/zur-post.de\/"},{"@type":"ListItem","position":2,"name":"Impressum"}]},{"@type":"WebSite","@id":"https:\/\/zur-post.de\/#website","url":"https:\/\/zur-post.de\/","name":"Hotel zur Post","description":"in Hemmingen near Hanover","publisher":{"@id":"https:\/\/zur-post.de\/#organization"},"potentialAction":[{"@type":"SearchAction","target":{"@type":"EntryPoint","urlTemplate":"https:\/\/zur-post.de\/?s={search_term_string}"},"query-input":{"@type":"PropertyValueSpecification","valueRequired":true,"valueName":"search_term_string"}}],"inLanguage":"en-GB"},{"@type":"Organization","@id":"https:\/\/zur-post.de\/#organization","name":"Hotel zur Post","url":"https:\/\/zur-post.de\/","logo":{"@type":"ImageObject","inLanguage":"en-GB","@id":"https:\/\/zur-post.de\/#\/schema\/logo\/image\/","url":"https:\/\/zur-post.de\/wp-content\/uploads\/2021\/09\/Logo-ohne-GmbH.png","contentUrl":"https:\/\/zur-post.de\/wp-content\/uploads\/2021\/09\/Logo-ohne-GmbH.png","width":417,"height":177,"caption":"Hotel zur Post"},"image":{"@id":"https:\/\/zur-post.de\/#\/schema\/logo\/image\/"}}]}},"_links":{"self":[{"href":"https:\/\/zur-post.de\/en\/wp-json\/wp\/v2\/pages\/979","targetHints":{"allow":["GET"]}}],"collection":[{"href":"https:\/\/zur-post.de\/en\/wp-json\/wp\/v2\/pages"}],"about":[{"href":"https:\/\/zur-post.de\/en\/wp-json\/wp\/v2\/types\/page"}],"author":[{"embeddable":true,"href":"https:\/\/zur-post.de\/en\/wp-json\/wp\/v2\/users\/1"}],"replies":[{"embeddable":true,"href":"https:\/\/zur-post.de\/en\/wp-json\/wp\/v2\/comments?post=979"}],"version-history":[{"count":12,"href":"https:\/\/zur-post.de\/en\/wp-json\/wp\/v2\/pages\/979\/revisions"}],"predecessor-version":[{"id":1648,"href":"https:\/\/zur-post.de\/en\/wp-json\/wp\/v2\/pages\/979\/revisions\/1648"}],"wp:attachment":[{"href":"https:\/\/zur-post.de\/en\/wp-json\/wp\/v2\/media?parent=979"}],"curies":[{"name":"wp","href":"https:\/\/api.w.org\/{rel}","templated":true}]}}